{"id":776,"date":"2025-07-13T20:42:13","date_gmt":"2025-07-13T20:42:13","guid":{"rendered":"https:\/\/azinservices.eu\/brindes-shop\/produto\/camiseta-de-algodao-organico-unissex\/"},"modified":"2025-10-03T23:59:46","modified_gmt":"2025-10-03T23:59:46","slug":"camiseta-de-algodao-organico-unissex","status":"publish","type":"product","link":"https:\/\/azinservices.eu\/printing-solutions\/produto\/camiseta-de-algodao-organico-unissex\/","title":{"rendered":"Camiseta de Algod\u00e3o Org\u00e2nico Unissex"},"content":{"rendered":"<p>Feita de 100% algod\u00e3o org\u00e2nico fiado em anel, essa camiseta unissex \u00e9 um item obrigat\u00f3rio. De alta qualidade, super confort\u00e1vel e o melhor, eco-friendly.<\/p>\n<p>\u2022 100% algod\u00e3o org\u00e2nico fiado em anel<br \/>\n\u2022 Gramatura do tecido: 180 g\/m\u00b2 (5,3 oz.\/yd.\u00b2)<br \/>\n\u2022 J\u00e9rsey simples<br \/>\n\u2022 Modelagem m\u00e9dia<br \/>\n\u2022 Mangas costuradas \u00e0s cavas<br \/>\n\u2022 Canelado 1 \u00d7 1 na gola<br \/>\n\u2022 Pesponto largo com agulha dupla nas mangas e bainha inferior<br \/>\n\u2022 Tecido pr\u00f3prio no refor\u00e7o da gola (dentro, atr\u00e1s do pesco\u00e7o)<br \/>\n\u2022 Produto em branco proveniente de Bangladesh<\/p>\n<p>Os tamanhos correspondem a um tamanho menor no mercado dos EUA, portanto, clientes dos EUA devem pedir um tamanho maior.<\/p>\n<p>\u2022 Rastreabilidade:<br \/>\n&#8211; Tecelagem: Bangladesh<br \/>\n&#8211; Tingimento: Bangladesh<br \/>\n&#8211; Fabrica\u00e7\u00e3o: Bangladesh<br \/>\n\u2022 Cont\u00e9m 0% de poli\u00e9ster reciclado<br \/>\n\u2022 Cont\u00e9m 0% de subst\u00e2ncias perigosas<\/p>\n<p>Age restrictions: For adults<br \/>\nEU Warranty: 2 years<br \/>\nOther compliance information: Meets the EU REACH requirements.<\/p>\n<p>In compliance with the General Product Safety Regulation (GPSR), <b>AZinBrindes<\/b> ensures that all consumer products offered are safe and meet EU standards. For any product safety related inquiries or concerns, please contact us at <b>info.azinservies@gmail.com<\/b> or write to us <b>Lisboa &#8211; Portugal.<b \/><\/p>\n","protected":false},"excerpt":{"rendered":"<p>Feita de 100% algod\u00e3o org\u00e2nico fiado em anel, essa camiseta unissex \u00e9 um item obrigat\u00f3rio. De alta qualidade, super confort\u00e1vel e o melhor, eco-friendly. \u2022 100% algod\u00e3o org\u00e2nico fiado em anel \u2022 Gramatura do tecido: 180 g\/m\u00b2 (5,3 oz.\/yd.\u00b2) \u2022 J\u00e9rsey simples \u2022 Modelagem m\u00e9dia \u2022 Mangas costuradas \u00e0s cavas \u2022 Canelado 1 \u00d7 1 na gola \u2022 Pesponto largo [&hellip;]<\/p>\n","protected":false},"featured_media":787,"comment_status":"open","ping_status":"closed","template":"","meta":{"_acf_changed":false},"product_brand":[],"product_cat":[24],"product_tag":[],"class_list":{"0":"post-776","1":"product","2":"type-product","3":"status-publish","4":"has-post-thumbnail","6":"product_cat-acrilicos","8":"first","9":"instock","10":"shipping-taxable","11":"purchasable","12":"product-type-variable"},"aioseo_notices":[],"acf":[],"_links":{"self":[{"href":"https:\/\/azinservices.eu\/printing-solutions\/wp-json\/wp\/v2\/product\/776","targetHints":{"allow":["GET"]}}],"collection":[{"href":"https:\/\/azinservices.eu\/printing-solutions\/wp-json\/wp\/v2\/product"}],"about":[{"href":"https:\/\/azinservices.eu\/printing-solutions\/wp-json\/wp\/v2\/types\/product"}],"replies":[{"embeddable":true,"href":"https:\/\/azinservices.eu\/printing-solutions\/wp-json\/wp\/v2\/comments?post=776"}],"wp:featuredmedia":[{"embeddable":true,"href":"https:\/\/azinservices.eu\/printing-solutions\/wp-json\/wp\/v2\/media\/787"}],"wp:attachment":[{"href":"https:\/\/azinservices.eu\/printing-solutions\/wp-json\/wp\/v2\/media?parent=776"}],"wp:term":[{"taxonomy":"product_brand","embeddable":true,"href":"https:\/\/azinservices.eu\/printing-solutions\/wp-json\/wp\/v2\/product_brand?post=776"},{"taxonomy":"product_cat","embeddable":true,"href":"https:\/\/azinservices.eu\/printing-solutions\/wp-json\/wp\/v2\/product_cat?post=776"},{"taxonomy":"product_tag","embeddable":true,"href":"https:\/\/azinservices.eu\/printing-solutions\/wp-json\/wp\/v2\/product_tag?post=776"}],"curies":[{"name":"wp","href":"https:\/\/api.w.org\/{rel}","templated":true}]}}