{"id":8679,"date":"2026-04-10T00:24:26","date_gmt":"2026-04-10T00:24:26","guid":{"rendered":"https:\/\/azinservices.eu\/azindecor\/produto\/tubo-led-t8-18w-2-880lm-6000ok-vidro-120cm-conexao-2-extremidades-40-000h-ho-t8gl120-18w-cwcolorbranco-frioho-t8gl120-18w-cwho-t8gl120-18w-cwtubos-led-de-vidro2256instockyes2-743-11ur-ur3\/"},"modified":"2026-04-10T17:15:35","modified_gmt":"2026-04-10T17:15:35","slug":"tubo-led-t8-18w-2-880lm-6000ok-vidro-120cm-conexao-2-extremidades-40-000h-ho-t8gl120-18w-cwcolorbranco-frioho-t8gl120-18w-cwho-t8gl120-18w-cwtubos-led-de-vidro2256instockyes2-743-11ur-ur3","status":"publish","type":"product","link":"https:\/\/azinservices.eu\/azindecor\/produto\/tubo-led-t8-18w-2-880lm-6000ok-vidro-120cm-conexao-2-extremidades-40-000h-ho-t8gl120-18w-cwcolorbranco-frioho-t8gl120-18w-cwho-t8gl120-18w-cwtubos-led-de-vidro2256instockyes2-743-11ur-ur3\/","title":{"rendered":"Tubo LED T8 18W 2.880Lm 6000\u00baK Vidro 120Cm Conex\u00e3o 2 Extremidades 40.000H"},"content":{"rendered":"<p>Tubo LED T8 18W 2.880Lm 6000\u00baK Vidro 120Cm Conex\u00e3o 2 Extremidades 40.000H<\/p>\n<p>[HO-T8GL120-18W-CW]<\/p>\n<p><strong>Cor<\/strong>: Branco Fr\u00edo;<br \/>\n<strong>Marca<\/strong>: Philips Led<br \/>\nHO-T8GL120-18W-CW;<br \/>\nTubos LED de Vidro;<br \/>\nUR-UR39CEBADORHN;<\/p>\n","protected":false},"excerpt":{"rendered":"<p><strong>Tubo de vidro com conex\u00e3o nas duas extremidades<\/strong>\u00a0e fonte de luz SMD2835. A sua liga\u00e7\u00e3o direta \u00e0 rede permite eliminar o consumo residual de balastros e prim\u00e1rios, permitindo maior durabilidade e menos manuten\u00e7\u00e3o, igni\u00e7\u00e3o instant\u00e2nea e aus\u00eancia do efeito flicker (piscar da luz). Sem ru\u00eddo.<\/p>\n<p><strong>Tem uma alta efici\u00eancia (160 Lm\/W) consumindo 18W atrav\u00e9s de LEDs tipo SMD2835<\/strong>\u00a0conseguindo fornecer um\u00a0<strong>fluxo luminoso de 2880Lm<\/strong>\u00a0distribu\u00eddo uniformemente atrav\u00e9s de um difusor de vidro opalino a partir do qual se obt\u00e9m um \u00edndice de reprodu\u00e7\u00e3o de cor de 80. Seu consumo representa um valor de 18kWh\/1000h, reduzindo a quantidade de energia faturada e as emiss\u00f5es de gases poluentes na atmosfera.<\/p>\n<p><strong>Tem grau de prote\u00e7\u00e3o IP20 (v\u00e1lido para poeira e umidade em ambientes internos\u00a0<\/strong>), al\u00e9m de ser robusto o suficiente para as demandas mec\u00e2nicas exigidas. Este tubo est\u00e1 dispon\u00edvel em branco frio (6000\u00b0K). A temperatura de cor indicada pode sofrer oscila\u00e7\u00f5es correspondentes a uma toler\u00e2ncia de 7%.<\/p>\n<p><strong>Instru\u00e7\u00f5es de instala\u00e7\u00e3o para tubos de led:<\/strong><\/p>\n<ul>\n<li>Passo 1: Desligue a alimenta\u00e7\u00e3o .<\/li>\n<li>Etapa 2: remova o tubo fluorescente convencional.<\/li>\n<li>Etapa 3: desparafuse e remova o primer, depois desconecte os fios do reator.<\/li>\n<li>Etapa 4: conecte a fase a uma extremidade do tubo e o neutro \u00e0 outra extremidade do tubo.<\/li>\n<li>Passo 5: Coloque o novo tubo de led e conecte a corrente el\u00e9trica. ul&gt;<\/li>\n<\/ul>\n<p>&lt; strong&gt;Em que locais \u00e9 conveniente instalar tubos de LED?<\/p>\n<p>Os tubos de LED s\u00e3o normalmente instalados em locais com muitas horas de ilumina\u00e7\u00e3o: ilumina\u00e7\u00e3o de estacionamento, ilumina\u00e7\u00e3o p\u00fablica, hot\u00e9is, ilumina\u00e7\u00e3o universit\u00e1ria e universit\u00e1ria, ilumina\u00e7\u00e3o de escrit\u00f3rios, ilumina\u00e7\u00e3o de shopping centers.<\/p>\n<p>Para longos per\u00edodos de ilumina\u00e7\u00e3o, \u00e9 recomend\u00e1vel usar tubos de LED com corpo de alum\u00ednio, pois dissipam muito melhor o calor.<\/p>\n","protected":false},"featured_media":8682,"comment_status":"open","ping_status":"closed","template":"","meta":[],"product_brand":[],"product_cat":[24],"product_tag":[],"class_list":{"0":"post-8679","1":"product","2":"type-product","3":"status-publish","4":"has-post-thumbnail","6":"product_cat-sem-categoria","8":"first","9":"instock","10":"shipping-taxable","11":"purchasable","12":"product-type-simple"},"aioseo_notices":[],"_links":{"self":[{"href":"https:\/\/azinservices.eu\/azindecor\/wp-json\/wp\/v2\/product\/8679","targetHints":{"allow":["GET"]}}],"collection":[{"href":"https:\/\/azinservices.eu\/azindecor\/wp-json\/wp\/v2\/product"}],"about":[{"href":"https:\/\/azinservices.eu\/azindecor\/wp-json\/wp\/v2\/types\/product"}],"replies":[{"embeddable":true,"href":"https:\/\/azinservices.eu\/azindecor\/wp-json\/wp\/v2\/comments?post=8679"}],"wp:featuredmedia":[{"embeddable":true,"href":"https:\/\/azinservices.eu\/azindecor\/wp-json\/wp\/v2\/media\/8682"}],"wp:attachment":[{"href":"https:\/\/azinservices.eu\/azindecor\/wp-json\/wp\/v2\/media?parent=8679"}],"wp:term":[{"taxonomy":"product_brand","embeddable":true,"href":"https:\/\/azinservices.eu\/azindecor\/wp-json\/wp\/v2\/product_brand?post=8679"},{"taxonomy":"product_cat","embeddable":true,"href":"https:\/\/azinservices.eu\/azindecor\/wp-json\/wp\/v2\/product_cat?post=8679"},{"taxonomy":"product_tag","embeddable":true,"href":"https:\/\/azinservices.eu\/azindecor\/wp-json\/wp\/v2\/product_tag?post=8679"}],"curies":[{"name":"wp","href":"https:\/\/api.w.org\/{rel}","templated":true}]}}